{"id":175,"date":"2015-11-09T18:01:36","date_gmt":"2015-11-09T17:01:36","guid":{"rendered":"http:\/\/www.pegasus-marketing.eu\/lp_08-2015\/?page_id=175"},"modified":"2023-04-24T16:40:50","modified_gmt":"2023-04-24T14:40:50","slug":"impressum","status":"publish","type":"page","link":"https:\/\/www.landpartie-wohntraeume.de\/lp-interim23\/impressum\/","title":{"rendered":"Impressum"},"content":{"rendered":"<p><div class=\"fusion-fullwidth fullwidth-box fusion-builder-row-1 nonhundred-percent-fullwidth non-hundred-percent-height-scrolling\" style=\"--awb-border-radius-top-left:0px;--awb-border-radius-top-right:0px;--awb-border-radius-bottom-right:0px;--awb-border-radius-bottom-left:0px;\" ><div class=\"fusion-builder-row fusion-row\"><div class=\"fusion-layout-column fusion_builder_column fusion-builder-column-0 fusion_builder_column_1_4 1_4 fusion-one-fourth fusion-column-first\" style=\"--awb-bg-size:cover;width:25%;width:calc(25% - ( ( 4% + 4% ) * 0.25 ) );margin-right: 4%;\"><div class=\"fusion-column-wrapper fusion-flex-column-wrapper-legacy\"><div class=\"fusion-clearfix\"><\/div><\/div><\/div><div class=\"fusion-layout-column fusion_builder_column fusion-builder-column-1 fusion_builder_column_1_2 1_2 fusion-one-half\" style=\"--awb-bg-size:cover;width:50%;width:calc(50% - ( ( 4% + 4% ) * 0.5 ) );margin-right: 4%;\"><div class=\"fusion-column-wrapper fusion-flex-column-wrapper-legacy\"><div class=\"fusion-sep-clear\"><\/div><div class=\"fusion-separator fusion-full-width-sep\" style=\"margin-left: auto;margin-right: auto;margin-bottom:20px;width:100%;\"><\/div><div class=\"fusion-sep-clear\"><\/div><div class=\"fusion-image-element fusion-image-align-center in-legacy-container\" style=\"text-align:center;--awb-caption-title-size:var(--h2_typography-font-size);--awb-caption-title-transform:var(--h2_typography-text-transform);--awb-caption-title-line-height:var(--h2_typography-line-height);--awb-caption-title-letter-spacing:var(--h2_typography-letter-spacing);\"><div class=\"imageframe-align-center\"><span class=\" fusion-imageframe imageframe-none imageframe-1 hover-type-none\"><a class=\"fusion-no-lightbox\" href=\"https:\/\/www.landpartie-wohntraeume.de\/\" target=\"_self\"><img decoding=\"async\" width=\"574\" height=\"471\" alt=\"Logo-Landpartie-Wohntraeume\" src=\"https:\/\/www.landpartie-wohntraeume.de\/wp-content\/uploads\/2021\/04\/Logo-Landpartie-Wohntraeume.png\" class=\"img-responsive wp-image-2042\" srcset=\"https:\/\/www.landpartie-wohntraeume.de\/lp-interim23\/wp-content\/uploads\/2021\/04\/Logo-Landpartie-Wohntraeume-200x164.png 200w, https:\/\/www.landpartie-wohntraeume.de\/lp-interim23\/wp-content\/uploads\/2021\/04\/Logo-Landpartie-Wohntraeume-400x328.png 400w, https:\/\/www.landpartie-wohntraeume.de\/lp-interim23\/wp-content\/uploads\/2021\/04\/Logo-Landpartie-Wohntraeume.png 574w\" sizes=\"(max-width: 1000px) 100vw, 574px\" \/><\/a><\/span><\/div><\/div><div class=\"fusion-sep-clear\"><\/div><div class=\"fusion-separator fusion-full-width-sep\" style=\"margin-left: auto;margin-right: auto;margin-bottom:20px;width:100%;\"><\/div><div class=\"fusion-sep-clear\"><\/div><div class=\"fusion-clearfix\"><\/div><\/div><\/div><div class=\"fusion-layout-column fusion_builder_column fusion-builder-column-2 fusion_builder_column_1_4 1_4 fusion-one-fourth fusion-column-last\" style=\"--awb-bg-size:cover;width:25%;width:calc(25% - ( ( 4% + 4% ) * 0.25 ) );\"><div class=\"fusion-column-wrapper fusion-flex-column-wrapper-legacy\"><div class=\"fusion-clearfix\"><\/div><\/div><\/div><\/div><\/div><div class=\"fusion-fullwidth fullwidth-box fusion-builder-row-2 nonhundred-percent-fullwidth non-hundred-percent-height-scrolling\" style=\"--awb-border-radius-top-left:0px;--awb-border-radius-top-right:0px;--awb-border-radius-bottom-right:0px;--awb-border-radius-bottom-left:0px;\" ><div class=\"fusion-builder-row fusion-row\"><div class=\"fusion-layout-column fusion_builder_column fusion-builder-column-3 fusion_builder_column_1_1 1_1 fusion-one-full fusion-column-first fusion-column-last\" style=\"--awb-bg-size:cover;--awb-margin-bottom:0px;\"><div class=\"fusion-column-wrapper fusion-flex-column-wrapper-legacy\"><div class=\"fusion-text fusion-text-1\"><p><img decoding=\"async\" class=\"aligncenter size-full wp-image-1073\" src=\"https:\/\/www.landpartie-wohntraeume.de\/wp-content\/uploads\/2018\/12\/erecht24-siegel-impressum-rot.png\" alt=\"\" \/><\/p>\n<\/div><div class=\"fusion-sep-clear\"><\/div><div class=\"fusion-separator fusion-full-width-sep\" style=\"margin-left: auto;margin-right: auto;margin-bottom:40px;width:100%;\"><\/div><div class=\"fusion-sep-clear\"><\/div><div class=\"fusion-clearfix\"><\/div><\/div><\/div><\/div><\/div><div class=\"fusion-fullwidth fullwidth-box fusion-builder-row-3 nonhundred-percent-fullwidth non-hundred-percent-height-scrolling\" style=\"--awb-border-radius-top-left:0px;--awb-border-radius-top-right:0px;--awb-border-radius-bottom-right:0px;--awb-border-radius-bottom-left:0px;\" ><div class=\"fusion-builder-row fusion-row\"><div class=\"fusion-layout-column fusion_builder_column fusion-builder-column-4 fusion_builder_column_1_2 1_2 fusion-one-half fusion-column-first\" style=\"--awb-padding-left:6%;--awb-bg-size:cover;width:50%;width:calc(50% - ( ( 4% ) * 0.5 ) );margin-right: 4%;\"><div class=\"fusion-column-wrapper fusion-flex-column-wrapper-legacy\"><div class=\"fusion-text fusion-text-2\"><h5>Landpartie-Wohntr\u00e4ume GmbH<\/h5>\n<p>Im Oertel Zentrum<br \/>\nAm L\u00f6wenberg 5<br \/>\n95191 Leupoldsgr\u00fcn<\/p>\n<p>Tel.: 0 92 92 &#8211; 97 30 70<br \/>\nFax: 0 92 92 &#8211; 97 30 70<\/p>\n<p><strong>\u00d6ffnungszeiten: <\/strong><br \/>\nMo-Fr: 9.30 &#8211; 18.00 Uhr<br \/>\nSa: 9.30 &#8211; 16.00 Uhr<\/p>\n<p>E-Mail.: <a href=\"mailto:jahn@landpartie-wohntraeume.de\" target=\"_blank\" rel=\"noopener noreferrer\">jahn@landpartie-wohntraeume.de<\/a><br \/>\nURL: <a href=\"http:\/\/www.landpartie-wohntraeume.de\/lp_wp_2015\/\">www.landpartie-wohntaeume.de<\/a><\/p>\n<p>Handelsregister: HRB 4555<br \/>\nRegistergericht: Amtsgericht Hof<\/p>\n<p><b>Gesch\u00e4ftsf\u00fchrer und verantwortlich f\u00fcr den Inhalt:<\/b><br \/>\nIngrid Jahn<\/p>\n<\/div><div class=\"fusion-clearfix\"><\/div><\/div><\/div><div class=\"fusion-layout-column fusion_builder_column fusion-builder-column-5 fusion_builder_column_1_2 1_2 fusion-one-half fusion-column-last\" style=\"--awb-padding-right:6%;--awb-bg-size:cover;width:50%;width:calc(50% - ( ( 4% ) * 0.5 ) );\"><div class=\"fusion-column-wrapper fusion-flex-column-wrapper-legacy\"><div class=\"fusion-text fusion-text-3\"><p><strong>Streitschlichtung<\/strong><br \/>\nDie Europ\u00e4ische Kommission stellt eine Plattform zur Online-Streitbeilegung (OS) bereit: <a href=\"https:\/\/ec.europa.eu\/consumers\/odr\" target=\"_blank\" rel=\"noopener noreferrer\">https:\/\/ec.europa.eu\/consumers\/odr<\/a>.<br \/>\nUnsere E-Mail-Adresse finden Sie oben im Impressum.<\/p>\n<p>Wir sind nicht bereit oder verpflichtet, an Streitbeilegungsverfahren vor einer Verbraucherschlichtungsstelle teilzunehmen.<\/p>\n<p><strong>Schriften in der Seite (lokaler Server):<\/strong><br \/>\nCopyright \u201cGreat Vibes\u201d:\u00a0TypeSETit<br \/>\nLizensiert unter der SIL Open Font License, Version 1.1.<br \/>\nDiese Lizenz liegt auf unserem <a href=\"https:\/\/www.landpartie-wohntraeume.de\/SIL OPEN FONT LICENSE.txt\" target=\"_blank\" rel=\"noopener noreferrer\">Server<\/a> und steht auch unter den FAQ von\u00a0<a href=\"http:\/\/scripts.sil.org\/OFL\" target=\"_blank\" rel=\"noopener noreferrer\">http:\/\/scripts.sil.org\/OFL<\/a>\u00a0zur Verf\u00fcgung.<\/p>\n<p>Weitere Schriftart:<br \/>\nCopyright \u201cPT Sans\u201d:\u00a0 ParaType<br \/>\nDiese Schriften sind lizensiert unter der SIL Open Font License, Version 1.1.<br \/>\nDiese Lizenz liegt auf unserem <a href=\"https:\/\/www.landpartie-wohntraeume.de\/SIL%20OPEN%20FONT%20LICENSE.txt\" target=\"_blank\" rel=\"noopener noreferrer\">Server<\/a> und steht unter den FAQ von\u00a0<a href=\"http:\/\/scripts.sil.org\/OFL\" target=\"_blank\" rel=\"noopener noreferrer\">http:\/\/scripts.sil.org\/OFL<\/a>\u00a0zur Verf\u00fcgung.<\/p>\n<p><strong>Bilder in der Seite:<\/strong><br \/>\n\u00a9 Adobe Stock: matttilda (Hintergrund)<br \/>\n\u00a9 Adobe Stock: Siwakorn (Produktbild als Musterfoto, Federf\u00fcllung)<\/p>\n<\/div><div class=\"fusion-clearfix\"><\/div><\/div><\/div><\/div><\/div><div class=\"fusion-fullwidth fullwidth-box fusion-builder-row-4 nonhundred-percent-fullwidth non-hundred-percent-height-scrolling\" style=\"--awb-border-radius-top-left:0px;--awb-border-radius-top-right:0px;--awb-border-radius-bottom-right:0px;--awb-border-radius-bottom-left:0px;\" ><div class=\"fusion-builder-row fusion-row\"><div class=\"fusion-layout-column fusion_builder_column fusion-builder-column-6 fusion_builder_column_1_1 1_1 fusion-one-full fusion-column-first fusion-column-last\" style=\"--awb-bg-size:cover;\"><div class=\"fusion-column-wrapper fusion-flex-column-wrapper-legacy\"><div class=\"fusion-sep-clear\"><\/div><div class=\"fusion-separator fusion-full-width-sep\" style=\"margin-left: auto;margin-right: auto;margin-bottom:20px;width:100%;\"><\/div><div class=\"fusion-sep-clear\"><\/div><div class=\"fusion-title title fusion-title-1 fusion-sep-none fusion-title-center fusion-title-text fusion-title-size-one\"><h1 class=\"title-heading-center fusion-responsive-typography-calculated\" style=\"margin:0;--fontSize:72;line-height:1.41;\"><p style=\"text-align: center;\">Unsere Filialen<\/p><\/h1><\/div><div class=\"fusion-clearfix\"><\/div><\/div><\/div><\/div><\/div><div class=\"fusion-fullwidth fullwidth-box fusion-builder-row-5 nonhundred-percent-fullwidth non-hundred-percent-height-scrolling\" style=\"--awb-border-radius-top-left:0px;--awb-border-radius-top-right:0px;--awb-border-radius-bottom-right:0px;--awb-border-radius-bottom-left:0px;\" ><div class=\"fusion-builder-row fusion-row\"><div class=\"fusion-layout-column fusion_builder_column fusion-builder-column-7 fusion_builder_column_1_2 1_2 fusion-one-half fusion-column-first\" style=\"--awb-padding-right:6%;--awb-padding-left:50%;--awb-bg-size:cover;width:50%;width:calc(50% - ( ( 4% ) * 0.5 ) );margin-right: 4%;\"><div class=\"fusion-column-wrapper fusion-flex-column-wrapper-legacy\"><div class=\"fusion-text fusion-text-4\"><p>Landpartie-Wohntr\u00e4ume GmbH<br \/>\nIm Oertel-Zentrum<br \/>\nAm L\u00f6wenberg 5<br \/>\n95191 Leupoldsgr\u00fcn<br \/>\nTel.: 09292 &#8211; 97 30 70<\/p>\n<p>\u00d6ffnungszeiten:<br \/>\nMo-Fr: 9.30 &#8211; 18.00 Uhr<br \/>\nSa: 9.30 &#8211; 16 Uhr<\/p>\n<\/div><div class=\"fusion-clearfix\"><\/div><\/div><\/div><div class=\"fusion-layout-column fusion_builder_column fusion-builder-column-8 fusion_builder_column_1_2 1_2 fusion-one-half fusion-column-last\" style=\"--awb-padding-right:40%;--awb-padding-left:6%;--awb-bg-size:cover;width:50%;width:calc(50% - ( ( 4% ) * 0.5 ) );\"><div class=\"fusion-column-wrapper fusion-flex-column-wrapper-legacy\"><div class=\"fusion-text fusion-text-5\"><p>Landpartie-Wohntr\u00e4ume GmbH<br \/>\nim Einkaufszentrum &#8222;nova|eventis&#8220;<\/p>\n<p>06237 Leuna \/ OT G\u00fcnthersdorf<br \/>\nTel.: 0 34 638 &#8211; 379 834<\/p>\n<p style=\"margin-bottom: 30px;\">\u00d6ffnungszeiten:<br \/>\nMo-Sa: 10 &#8211; 20 Uhr<\/p>\n<\/div><div class=\"fusion-clearfix\"><\/div><\/div><\/div><div class=\"fusion-layout-column fusion_builder_column fusion-builder-column-9 fusion_builder_column_1_1 1_1 fusion-one-full fusion-column-first fusion-column-last\" style=\"--awb-bg-size:cover;\"><div class=\"fusion-column-wrapper fusion-flex-column-wrapper-legacy\"><div class=\"fusion-text fusion-text-6\"><h3 style=\"text-align: center;\">Besuchen Sie uns und lassen Sie sich inspirieren. Wir freuen uns auf Sie.<\/h3>\n<h4 style=\"text-align: center;\">F\u00fcr Fragen zu unserem Sortiment erreichen Sie uns unter <a href=\"mailto:info@landpartie-wohntraeume.de\">info@landpartie-wohntraeume.de<\/a><\/h4>\n<h3 style=\"text-align: center;\"><a href=\"https:\/\/www.landpartie-wohntraeume.de\/impressum\/\" target=\"_blank\" rel=\"noopener noreferrer\">IMPRESSUM<\/a> | <a href=\"https:\/\/www.landpartie-wohntraeume.de\/datenschutz\/\" target=\"_blank\" rel=\"noopener noreferrer\">DATENSCHUTZ<\/a><\/h3>\n<\/div><div class=\"fusion-text fusion-text-7\"><p style=\"text-align: center;\"><em>Alle Rechtstexte wurden durch einen externen Datenschutzbeauftragten gepr\u00fcft.<\/em><\/p>\n<\/div><div class=\"fusion-clearfix\"><\/div><\/div><\/div><\/div><\/div><div class=\"fusion-fullwidth fullwidth-box fusion-builder-row-6 hundred-percent-fullwidth non-hundred-percent-height-scrolling\" style=\"--awb-border-radius-top-left:0px;--awb-border-radius-top-right:0px;--awb-border-radius-bottom-right:0px;--awb-border-radius-bottom-left:0px;--awb-overflow:visible;\" ><div class=\"fusion-builder-row fusion-row\"><div class=\"fusion-layout-column fusion_builder_column fusion-builder-column-10 fusion_builder_column_1_1 1_1 fusion-one-full fusion-column-first fusion-column-last fusion-column-no-min-height\" style=\"--awb-bg-size:cover;--awb-margin-bottom:0px;\"><div class=\"fusion-column-wrapper fusion-flex-column-wrapper-legacy\"><div class=\"fusion-clearfix\"><\/div><\/div><\/div><div class=\"fusion-layout-column fusion_builder_column fusion-builder-column-11 fusion_builder_column_1_1 1_1 fusion-one-full fusion-column-first fusion-column-last fusion-column-no-min-height\" style=\"--awb-bg-size:cover;--awb-margin-bottom:0px;\"><div class=\"fusion-column-wrapper fusion-flex-column-wrapper-legacy\"><div class=\"fusion-clearfix\"><\/div><\/div><\/div><\/div><\/div><\/p>\n","protected":false},"excerpt":{"rendered":"","protected":false},"author":1,"featured_media":0,"parent":0,"menu_order":0,"comment_status":"closed","ping_status":"closed","template":"","meta":[],"yoast_head":"<!-- This site is optimized with the Yoast SEO plugin v20.0 - https:\/\/yoast.com\/wordpress\/plugins\/seo\/ -->\n<title>Impressum - Landpartie Wohntr\u00e4ume GmbH<\/title>\n<meta name=\"robots\" content=\"index, follow, max-snippet:-1, max-image-preview:large, max-video-preview:-1\" \/>\n<link rel=\"canonical\" href=\"https:\/\/www.landpartie-wohntraeume.de\/lp-interim23\/impressum\/\" \/>\n<meta property=\"og:locale\" content=\"de_DE\" \/>\n<meta property=\"og:type\" content=\"article\" \/>\n<meta property=\"og:title\" content=\"Impressum - Landpartie Wohntr\u00e4ume GmbH\" \/>\n<meta property=\"og:url\" content=\"https:\/\/www.landpartie-wohntraeume.de\/lp-interim23\/impressum\/\" \/>\n<meta property=\"og:site_name\" content=\"Landpartie Wohntr\u00e4ume GmbH\" \/>\n<meta property=\"article:publisher\" content=\"https:\/\/www.facebook.com\/Landpartie.Wohntraeume\/\" \/>\n<meta property=\"article:modified_time\" content=\"2023-04-24T14:40:50+00:00\" \/>\n<meta property=\"og:image\" content=\"https:\/\/www.landpartie-wohntraeume.de\/wp-content\/uploads\/2018\/12\/erecht24-siegel-impressum-rot.png\" \/>\n<meta name=\"twitter:card\" content=\"summary_large_image\" \/>\n<meta name=\"twitter:label1\" content=\"Gesch\u00e4tzte Lesezeit\" \/>\n\t<meta name=\"twitter:data1\" content=\"12\u00a0Minuten\" \/>\n<script type=\"application\/ld+json\" class=\"yoast-schema-graph\">{\"@context\":\"https:\/\/schema.org\",\"@graph\":[{\"@type\":\"WebPage\",\"@id\":\"https:\/\/www.landpartie-wohntraeume.de\/lp-interim23\/impressum\/\",\"url\":\"https:\/\/www.landpartie-wohntraeume.de\/lp-interim23\/impressum\/\",\"name\":\"Impressum - Landpartie Wohntr\u00e4ume GmbH\",\"isPartOf\":{\"@id\":\"https:\/\/www.landpartie-wohntraeume.de\/lp-interim23\/#website\"},\"datePublished\":\"2015-11-09T17:01:36+00:00\",\"dateModified\":\"2023-04-24T14:40:50+00:00\",\"breadcrumb\":{\"@id\":\"https:\/\/www.landpartie-wohntraeume.de\/lp-interim23\/impressum\/#breadcrumb\"},\"inLanguage\":\"de\",\"potentialAction\":[{\"@type\":\"ReadAction\",\"target\":[\"https:\/\/www.landpartie-wohntraeume.de\/lp-interim23\/impressum\/\"]}]},{\"@type\":\"BreadcrumbList\",\"@id\":\"https:\/\/www.landpartie-wohntraeume.de\/lp-interim23\/impressum\/#breadcrumb\",\"itemListElement\":[{\"@type\":\"ListItem\",\"position\":1,\"name\":\"Startseite\",\"item\":\"https:\/\/www.landpartie-wohntraeume.de\/lp-interim23\/\"},{\"@type\":\"ListItem\",\"position\":2,\"name\":\"Impressum\"}]},{\"@type\":\"WebSite\",\"@id\":\"https:\/\/www.landpartie-wohntraeume.de\/lp-interim23\/#website\",\"url\":\"https:\/\/www.landpartie-wohntraeume.de\/lp-interim23\/\",\"name\":\"Landpartie Wohntr\u00e4ume GmbH\",\"description\":\"Zauberhafte Wohnideen im franz\u00f6sischen und englischen Landhausstil\",\"publisher\":{\"@id\":\"https:\/\/www.landpartie-wohntraeume.de\/lp-interim23\/#organization\"},\"potentialAction\":[{\"@type\":\"SearchAction\",\"target\":{\"@type\":\"EntryPoint\",\"urlTemplate\":\"https:\/\/www.landpartie-wohntraeume.de\/lp-interim23\/?s={search_term_string}\"},\"query-input\":\"required name=search_term_string\"}],\"inLanguage\":\"de\"},{\"@type\":\"Organization\",\"@id\":\"https:\/\/www.landpartie-wohntraeume.de\/lp-interim23\/#organization\",\"name\":\"Landpartie-Wohntr\u00e4ume GmbH\",\"url\":\"https:\/\/www.landpartie-wohntraeume.de\/lp-interim23\/\",\"logo\":{\"@type\":\"ImageObject\",\"inLanguage\":\"de\",\"@id\":\"https:\/\/www.landpartie-wohntraeume.de\/lp-interim23\/#\/schema\/logo\/image\/\",\"url\":\"https:\/\/www.landpartie-wohntraeume.de\/wp-content\/uploads\/2021\/04\/Logo-Landpartie-Wohntraeume.png\",\"contentUrl\":\"https:\/\/www.landpartie-wohntraeume.de\/wp-content\/uploads\/2021\/04\/Logo-Landpartie-Wohntraeume.png\",\"width\":574,\"height\":471,\"caption\":\"Landpartie-Wohntr\u00e4ume GmbH\"},\"image\":{\"@id\":\"https:\/\/www.landpartie-wohntraeume.de\/lp-interim23\/#\/schema\/logo\/image\/\"},\"sameAs\":[\"https:\/\/www.facebook.com\/Landpartie.Wohntraeume\/\"]}]}<\/script>\n<!-- \/ Yoast SEO plugin. -->","yoast_head_json":{"title":"Impressum - Landpartie Wohntr\u00e4ume GmbH","robots":{"index":"index","follow":"follow","max-snippet":"max-snippet:-1","max-image-preview":"max-image-preview:large","max-video-preview":"max-video-preview:-1"},"canonical":"https:\/\/www.landpartie-wohntraeume.de\/lp-interim23\/impressum\/","og_locale":"de_DE","og_type":"article","og_title":"Impressum - Landpartie Wohntr\u00e4ume GmbH","og_url":"https:\/\/www.landpartie-wohntraeume.de\/lp-interim23\/impressum\/","og_site_name":"Landpartie Wohntr\u00e4ume GmbH","article_publisher":"https:\/\/www.facebook.com\/Landpartie.Wohntraeume\/","article_modified_time":"2023-04-24T14:40:50+00:00","og_image":[{"url":"https:\/\/www.landpartie-wohntraeume.de\/wp-content\/uploads\/2018\/12\/erecht24-siegel-impressum-rot.png"}],"twitter_card":"summary_large_image","twitter_misc":{"Gesch\u00e4tzte Lesezeit":"12\u00a0Minuten"},"schema":{"@context":"https:\/\/schema.org","@graph":[{"@type":"WebPage","@id":"https:\/\/www.landpartie-wohntraeume.de\/lp-interim23\/impressum\/","url":"https:\/\/www.landpartie-wohntraeume.de\/lp-interim23\/impressum\/","name":"Impressum - Landpartie Wohntr\u00e4ume GmbH","isPartOf":{"@id":"https:\/\/www.landpartie-wohntraeume.de\/lp-interim23\/#website"},"datePublished":"2015-11-09T17:01:36+00:00","dateModified":"2023-04-24T14:40:50+00:00","breadcrumb":{"@id":"https:\/\/www.landpartie-wohntraeume.de\/lp-interim23\/impressum\/#breadcrumb"},"inLanguage":"de","potentialAction":[{"@type":"ReadAction","target":["https:\/\/www.landpartie-wohntraeume.de\/lp-interim23\/impressum\/"]}]},{"@type":"BreadcrumbList","@id":"https:\/\/www.landpartie-wohntraeume.de\/lp-interim23\/impressum\/#breadcrumb","itemListElement":[{"@type":"ListItem","position":1,"name":"Startseite","item":"https:\/\/www.landpartie-wohntraeume.de\/lp-interim23\/"},{"@type":"ListItem","position":2,"name":"Impressum"}]},{"@type":"WebSite","@id":"https:\/\/www.landpartie-wohntraeume.de\/lp-interim23\/#website","url":"https:\/\/www.landpartie-wohntraeume.de\/lp-interim23\/","name":"Landpartie Wohntr\u00e4ume GmbH","description":"Zauberhafte Wohnideen im franz\u00f6sischen und englischen Landhausstil","publisher":{"@id":"https:\/\/www.landpartie-wohntraeume.de\/lp-interim23\/#organization"},"potentialAction":[{"@type":"SearchAction","target":{"@type":"EntryPoint","urlTemplate":"https:\/\/www.landpartie-wohntraeume.de\/lp-interim23\/?s={search_term_string}"},"query-input":"required name=search_term_string"}],"inLanguage":"de"},{"@type":"Organization","@id":"https:\/\/www.landpartie-wohntraeume.de\/lp-interim23\/#organization","name":"Landpartie-Wohntr\u00e4ume GmbH","url":"https:\/\/www.landpartie-wohntraeume.de\/lp-interim23\/","logo":{"@type":"ImageObject","inLanguage":"de","@id":"https:\/\/www.landpartie-wohntraeume.de\/lp-interim23\/#\/schema\/logo\/image\/","url":"https:\/\/www.landpartie-wohntraeume.de\/wp-content\/uploads\/2021\/04\/Logo-Landpartie-Wohntraeume.png","contentUrl":"https:\/\/www.landpartie-wohntraeume.de\/wp-content\/uploads\/2021\/04\/Logo-Landpartie-Wohntraeume.png","width":574,"height":471,"caption":"Landpartie-Wohntr\u00e4ume GmbH"},"image":{"@id":"https:\/\/www.landpartie-wohntraeume.de\/lp-interim23\/#\/schema\/logo\/image\/"},"sameAs":["https:\/\/www.facebook.com\/Landpartie.Wohntraeume\/"]}]}},"_links":{"self":[{"href":"https:\/\/www.landpartie-wohntraeume.de\/lp-interim23\/wp-json\/wp\/v2\/pages\/175"}],"collection":[{"href":"https:\/\/www.landpartie-wohntraeume.de\/lp-interim23\/wp-json\/wp\/v2\/pages"}],"about":[{"href":"https:\/\/www.landpartie-wohntraeume.de\/lp-interim23\/wp-json\/wp\/v2\/types\/page"}],"author":[{"embeddable":true,"href":"https:\/\/www.landpartie-wohntraeume.de\/lp-interim23\/wp-json\/wp\/v2\/users\/1"}],"replies":[{"embeddable":true,"href":"https:\/\/www.landpartie-wohntraeume.de\/lp-interim23\/wp-json\/wp\/v2\/comments?post=175"}],"version-history":[{"count":3,"href":"https:\/\/www.landpartie-wohntraeume.de\/lp-interim23\/wp-json\/wp\/v2\/pages\/175\/revisions"}],"predecessor-version":[{"id":2656,"href":"https:\/\/www.landpartie-wohntraeume.de\/lp-interim23\/wp-json\/wp\/v2\/pages\/175\/revisions\/2656"}],"wp:attachment":[{"href":"https:\/\/www.landpartie-wohntraeume.de\/lp-interim23\/wp-json\/wp\/v2\/media?parent=175"}],"curies":[{"name":"wp","href":"https:\/\/api.w.org\/{rel}","templated":true}]}}