{"id":258,"date":"2015-11-30T17:07:41","date_gmt":"2015-11-30T16:07:41","guid":{"rendered":"http:\/\/www.pegasus-marketing.eu\/lp_08-2015\/?page_id=258"},"modified":"2021-07-03T01:12:21","modified_gmt":"2021-07-02T23:12:21","slug":"ueber-uns","status":"publish","type":"page","link":"https:\/\/www.landpartie-wohntraeume.de\/lp-interim23\/ueber-uns\/","title":{"rendered":"\u00dcber uns"},"content":{"rendered":"<p><div class=\"fusion-fullwidth fullwidth-box fusion-builder-row-1 nonhundred-percent-fullwidth non-hundred-percent-height-scrolling\" style=\"--awb-border-radius-top-left:0px;--awb-border-radius-top-right:0px;--awb-border-radius-bottom-right:0px;--awb-border-radius-bottom-left:0px;\" ><div class=\"fusion-builder-row fusion-row\"><div class=\"fusion-layout-column fusion_builder_column fusion-builder-column-0 fusion_builder_column_1_5 1_5 fusion-one-fifth fusion-column-first\" style=\"--awb-bg-size:cover;width:20%;width:calc(20% - ( ( 4% + 4% ) * 0.2 ) );margin-right: 4%;\"><div class=\"fusion-column-wrapper fusion-flex-column-wrapper-legacy\"><div class=\"fusion-clearfix\"><\/div><\/div><\/div><div class=\"fusion-layout-column fusion_builder_column fusion-builder-column-1 fusion_builder_column_3_5 3_5 fusion-three-fifth\" style=\"--awb-bg-size:cover;--awb-margin-bottom:0px;width:60%;width:calc(60% - ( ( 4% + 4% ) * 0.6 ) );margin-right: 4%;\"><div class=\"fusion-column-wrapper fusion-flex-column-wrapper-legacy\"><div class=\"fusion-sep-clear\"><\/div><div class=\"fusion-separator fusion-full-width-sep\" style=\"margin-left: auto;margin-right: auto;margin-bottom:20px;width:100%;\"><\/div><div class=\"fusion-sep-clear\"><\/div><div class=\"fusion-image-element fusion-image-align-center in-legacy-container\" style=\"text-align:center;--awb-caption-title-size:var(--h2_typography-font-size);--awb-caption-title-transform:var(--h2_typography-text-transform);--awb-caption-title-line-height:var(--h2_typography-line-height);--awb-caption-title-letter-spacing:var(--h2_typography-letter-spacing);\"><div class=\"imageframe-align-center\"><span class=\" fusion-imageframe imageframe-none imageframe-1 hover-type-none\"><a class=\"fusion-no-lightbox\" href=\"https:\/\/www.landpartie-wohntraeume.de\/\" target=\"_self\"><img decoding=\"async\" width=\"574\" height=\"471\" alt=\"Logo-Landpartie-Wohntraeume\" src=\"https:\/\/www.landpartie-wohntraeume.de\/wp-content\/uploads\/2021\/04\/Logo-Landpartie-Wohntraeume.png\" class=\"img-responsive wp-image-2042\" srcset=\"https:\/\/www.landpartie-wohntraeume.de\/lp-interim23\/wp-content\/uploads\/2021\/04\/Logo-Landpartie-Wohntraeume-200x164.png 200w, https:\/\/www.landpartie-wohntraeume.de\/lp-interim23\/wp-content\/uploads\/2021\/04\/Logo-Landpartie-Wohntraeume-400x328.png 400w, https:\/\/www.landpartie-wohntraeume.de\/lp-interim23\/wp-content\/uploads\/2021\/04\/Logo-Landpartie-Wohntraeume.png 574w\" sizes=\"(max-width: 1000px) 100vw, 574px\" \/><\/a><\/span><\/div><\/div><div class=\"fusion-clearfix\"><\/div><\/div><\/div><div class=\"fusion-layout-column fusion_builder_column fusion-builder-column-2 fusion_builder_column_1_5 1_5 fusion-one-fifth fusion-column-last\" style=\"--awb-bg-size:cover;width:20%;width:calc(20% - ( ( 4% + 4% ) * 0.2 ) );\"><div class=\"fusion-column-wrapper fusion-flex-column-wrapper-legacy\"><div class=\"fusion-clearfix\"><\/div><\/div><\/div><\/div><\/div><div class=\"fusion-fullwidth fullwidth-box fusion-builder-row-2 nonhundred-percent-fullwidth non-hundred-percent-height-scrolling\" style=\"--awb-border-radius-top-left:0px;--awb-border-radius-top-right:0px;--awb-border-radius-bottom-right:0px;--awb-border-radius-bottom-left:0px;\" ><div class=\"fusion-builder-row fusion-row\"><div class=\"fusion-layout-column fusion_builder_column fusion-builder-column-3 fusion_builder_column_1_1 1_1 fusion-one-full fusion-column-first fusion-column-last\" style=\"--awb-bg-size:cover;--awb-margin-bottom:0px;\"><div class=\"fusion-column-wrapper fusion-flex-column-wrapper-legacy\"><div class=\"fusion-sep-clear\"><\/div><div class=\"fusion-separator fusion-full-width-sep\" style=\"margin-left: auto;margin-right: auto;margin-bottom:40px;width:100%;\"><\/div><div class=\"fusion-sep-clear\"><\/div><div class=\"fusion-text fusion-text-1\"><h1 style=\"text-align: center;\">\u00dcber uns<\/h1>\n<\/div><div class=\"fusion-sep-clear\"><\/div><div class=\"fusion-separator fusion-full-width-sep\" style=\"margin-left: auto;margin-right: auto;margin-bottom:40px;width:100%;\"><\/div><div class=\"fusion-sep-clear\"><\/div><div class=\"fusion-clearfix\"><\/div><\/div><\/div><\/div><\/div><div class=\"fusion-fullwidth fullwidth-box fusion-builder-row-3 nonhundred-percent-fullwidth non-hundred-percent-height-scrolling\" style=\"--awb-border-radius-top-left:0px;--awb-border-radius-top-right:0px;--awb-border-radius-bottom-right:0px;--awb-border-radius-bottom-left:0px;\" ><div class=\"fusion-builder-row fusion-row\"><div class=\"fusion-layout-column fusion_builder_column fusion-builder-column-4 fusion_builder_column_1_2 1_2 fusion-one-half fusion-column-first\" style=\"--awb-bg-size:cover;width:50%;width:calc(50% - ( ( 4% ) * 0.5 ) );margin-right: 4%;\"><div class=\"fusion-column-wrapper fusion-flex-column-wrapper-legacy\"><div class=\"fusion-image-element fusion-image-align-center in-legacy-container\" style=\"text-align:center;--awb-caption-title-size:var(--h2_typography-font-size);--awb-caption-title-transform:var(--h2_typography-text-transform);--awb-caption-title-line-height:var(--h2_typography-line-height);--awb-caption-title-letter-spacing:var(--h2_typography-letter-spacing);\"><div class=\"imageframe-align-center\"><span class=\" fusion-imageframe imageframe-none imageframe-2 hover-type-none\"><img decoding=\"async\" width=\"440\" height=\"330\" alt=\"ueber-uns_landpartie-wohntraeume_2018\" src=\"https:\/\/www.landpartie-wohntraeume.de\/wp-content\/uploads\/2021\/04\/ueber-uns_landpartie-wohntraeume_2018.png\" class=\"img-responsive wp-image-2037\" srcset=\"https:\/\/www.landpartie-wohntraeume.de\/lp-interim23\/wp-content\/uploads\/2021\/04\/ueber-uns_landpartie-wohntraeume_2018-200x150.png 200w, https:\/\/www.landpartie-wohntraeume.de\/lp-interim23\/wp-content\/uploads\/2021\/04\/ueber-uns_landpartie-wohntraeume_2018-400x300.png 400w, https:\/\/www.landpartie-wohntraeume.de\/lp-interim23\/wp-content\/uploads\/2021\/04\/ueber-uns_landpartie-wohntraeume_2018.png 440w\" sizes=\"(max-width: 1000px) 100vw, 440px\" \/><\/span><\/div><\/div><div class=\"fusion-sep-clear\"><\/div><div class=\"fusion-separator fusion-full-width-sep\" style=\"margin-left: auto;margin-right: auto;margin-top:20px;margin-bottom:20px;width:100%;\"><\/div><div class=\"fusion-sep-clear\"><\/div><div class=\"fusion-clearfix\"><\/div><\/div><\/div><div class=\"fusion-layout-column fusion_builder_column fusion-builder-column-5 fusion_builder_column_1_2 1_2 fusion-one-half fusion-column-last\" style=\"--awb-bg-size:cover;width:50%;width:calc(50% - ( ( 4% ) * 0.5 ) );\"><div class=\"fusion-column-wrapper fusion-flex-column-wrapper-legacy\"><div class=\"fusion-text fusion-text-2\"><h6 style=\"text-align: center; padding-left: 30px;\">Landpartie \u2013 Das ist Romantik pur.<\/h6>\n<\/div><div class=\"fusion-text fusion-text-3\"><p style=\"padding-left: 30px;\" align=\"justify\">Erlesene Einzelm\u00f6bel und liebevoll ausgew\u00e4hlte Wohnaccessoires und Geschenkartikel im englischen und franz\u00f6sischen Landhausstil, oft auch mit feinen Rosendessins \u00e0 la Rosamunde Pilcher, werden kombiniert mit passenden Bildern und Leuchten.<br \/>\nLiebevoll ausgew\u00e4hlte Tischw\u00e4sche und Dekokissen harmonieren mit zauberhaften Gardinen im Landhausstil, individuell auf Ihre pers\u00f6nlichen Bed\u00fcrfnisse abgestimmt. Best\u00e4ndiges und Saisonales finden Sie bei Landpartie.Ob zum Saisonstart im Fr\u00fchjahr, zur Gartensaison im Sommer oder zur Weihnachtszeit, das Landpartie-Sortiment bietet zu jeder Jahreszeit das Passende und verleiht Ihrem Zuhause ein besonderes Flair.<\/p>\n<h5 style=\"padding-left: 30px;\" align=\"center\">Abschalten und einfach mal Sch\u00f6nes genie\u00dfen \u2013 Tauchen Sie ein in die Welt der Landpartie!<\/h5>\n<\/div><div class=\"fusion-clearfix\"><\/div><\/div><\/div><\/div><\/div><div class=\"fusion-fullwidth fullwidth-box fusion-builder-row-4 nonhundred-percent-fullwidth non-hundred-percent-height-scrolling\" style=\"--awb-border-radius-top-left:0px;--awb-border-radius-top-right:0px;--awb-border-radius-bottom-right:0px;--awb-border-radius-bottom-left:0px;\" ><div class=\"fusion-builder-row fusion-row\"><div class=\"fusion-layout-column fusion_builder_column fusion-builder-column-6 fusion_builder_column_1_1 1_1 fusion-one-full fusion-column-first fusion-column-last\" style=\"--awb-bg-size:cover;\"><div class=\"fusion-column-wrapper fusion-flex-column-wrapper-legacy\"><div class=\"fusion-sep-clear\"><\/div><div class=\"fusion-separator fusion-full-width-sep\" style=\"margin-left: auto;margin-right: auto;margin-bottom:40px;width:100%;\"><\/div><div class=\"fusion-sep-clear\"><\/div><div class=\"fusion-title title fusion-title-1 fusion-sep-none fusion-title-center fusion-title-text fusion-title-size-one\"><h1 class=\"title-heading-center fusion-responsive-typography-calculated\" style=\"margin:0;--fontSize:72;line-height:1.41;\"><p style=\"text-align: center;\">Unsere Filialen<\/p><\/h1><\/div><div class=\"fusion-sep-clear\"><\/div><div class=\"fusion-separator fusion-full-width-sep\" style=\"margin-left: auto;margin-right: auto;margin-bottom:40px;width:100%;\"><\/div><div class=\"fusion-sep-clear\"><\/div><div class=\"fusion-clearfix\"><\/div><\/div><\/div><\/div><\/div><div class=\"fusion-fullwidth fullwidth-box fusion-builder-row-5 nonhundred-percent-fullwidth non-hundred-percent-height-scrolling\" style=\"--awb-border-radius-top-left:0px;--awb-border-radius-top-right:0px;--awb-border-radius-bottom-right:0px;--awb-border-radius-bottom-left:0px;\" ><div class=\"fusion-builder-row fusion-row\"><div class=\"fusion-layout-column fusion_builder_column fusion-builder-column-7 fusion_builder_column_1_2 1_2 fusion-one-half fusion-column-first\" style=\"--awb-padding-right:6%;--awb-padding-left:50%;--awb-bg-size:cover;width:50%;width:calc(50% - ( ( 4% ) * 0.5 ) );margin-right: 4%;\"><div class=\"fusion-column-wrapper fusion-flex-column-wrapper-legacy\"><div class=\"fusion-text fusion-text-4\"><h5 style=\"text-align: left;\">Leupoldsgr\u00fcn<\/h5>\n<\/div><div class=\"fusion-text fusion-text-5\"><p>Landpartie-Wohntr\u00e4ume GmbH<br \/>\nIm Oertel Zentrum<br \/>\nAm L\u00f6wenberg 5<br \/>\n95191 Leupoldsgr\u00fcn<br \/>\nTel + Fax: 0 92 92 \u2013 97 30 70<\/p>\n<p>\u00d6ffnungszeiten:<br \/>\nMo-Fr: 9.30 \u2013 18.00 Uhr<br \/>\nSa: 9.30 \u2013 16 Uhr<\/p>\n<\/div><div class=\"fusion-clearfix\"><\/div><\/div><\/div><div class=\"fusion-layout-column fusion_builder_column fusion-builder-column-8 fusion_builder_column_1_2 1_2 fusion-one-half fusion-column-last\" style=\"--awb-padding-right:40%;--awb-padding-left:6%;--awb-bg-size:cover;width:50%;width:calc(50% - ( ( 4% ) * 0.5 ) );\"><div class=\"fusion-column-wrapper fusion-flex-column-wrapper-legacy\"><div class=\"fusion-text fusion-text-6\"><h5 style=\"text-align: left;\">Leuna \/ G\u00fcnthersdorf<\/h5>\n<\/div><div class=\"fusion-text fusion-text-7\"><p>Landpartie-Wohntr\u00e4ume GmbH<br \/>\nim Einkaufszentrum &#8222;nova|eventis&#8220;<\/p>\n<p>06237 Leuna \/ OT G\u00fcnthersdorf<br \/>\nTel.: 0 34 638 &#8211; 379 834<\/p>\n<p>\u00d6ffnungszeiten:<br \/>\nMo-Sa: 10 &#8211; 20 Uhr<\/p>\n<\/div><div class=\"fusion-clearfix\"><\/div><\/div><\/div><\/div><\/div><div class=\"fusion-fullwidth fullwidth-box fusion-builder-row-6 hundred-percent-fullwidth non-hundred-percent-height-scrolling\" style=\"--awb-border-radius-top-left:0px;--awb-border-radius-top-right:0px;--awb-border-radius-bottom-right:0px;--awb-border-radius-bottom-left:0px;\" ><div class=\"fusion-builder-row fusion-row\"><div class=\"fusion-layout-column fusion_builder_column fusion-builder-column-9 fusion_builder_column_1_1 1_1 fusion-one-full fusion-column-first fusion-column-last fusion-column-no-min-height\" style=\"--awb-bg-size:cover;--awb-margin-bottom:0px;\"><div class=\"fusion-column-wrapper fusion-flex-column-wrapper-legacy\"><div class=\"fusion-text fusion-text-8\"><h3 style=\"text-align: center;\">Besuchen Sie uns und lassen Sie sich inspirieren. Wir freuen uns auf Sie.<\/h3>\n<h4 style=\"text-align: center;\">F\u00fcr Fragen zu unserem Sortiment erreichen Sie uns unter <a href=\"mailto:info@landpartie-wohntraeume.de\">info@landpartie-wohntraeume.de<\/a><\/h4>\n<h3 style=\"text-align: center;\"><a href=\"https:\/\/www.landpartie-wohntraeume.de\/impressum\/\" target=\"_blank\" rel=\"noopener noreferrer\">IMPRESSUM<\/a> | <a href=\"https:\/\/www.landpartie-wohntraeume.de\/datenschutz\/\" target=\"_blank\" rel=\"noopener noreferrer\">DATENSCHUTZ<\/a><\/h3>\n<\/div><div class=\"fusion-clearfix\"><\/div><\/div><\/div><\/div><\/div><\/p>\n","protected":false},"excerpt":{"rendered":"","protected":false},"author":1,"featured_media":0,"parent":0,"menu_order":0,"comment_status":"closed","ping_status":"closed","template":"","meta":[],"yoast_head":"<!-- This site is optimized with the Yoast SEO plugin v20.0 - https:\/\/yoast.com\/wordpress\/plugins\/seo\/ -->\n<title>\u00dcber uns - Landpartie Wohntr\u00e4ume GmbH<\/title>\n<meta name=\"robots\" content=\"index, follow, max-snippet:-1, max-image-preview:large, max-video-preview:-1\" \/>\n<link rel=\"canonical\" href=\"https:\/\/www.landpartie-wohntraeume.de\/lp-interim23\/ueber-uns\/\" \/>\n<meta property=\"og:locale\" content=\"de_DE\" \/>\n<meta property=\"og:type\" content=\"article\" \/>\n<meta property=\"og:title\" content=\"\u00dcber uns - Landpartie Wohntr\u00e4ume GmbH\" \/>\n<meta property=\"og:url\" content=\"https:\/\/www.landpartie-wohntraeume.de\/lp-interim23\/ueber-uns\/\" \/>\n<meta property=\"og:site_name\" content=\"Landpartie Wohntr\u00e4ume GmbH\" \/>\n<meta property=\"article:publisher\" content=\"https:\/\/www.facebook.com\/Landpartie.Wohntraeume\/\" \/>\n<meta property=\"article:modified_time\" content=\"2021-07-02T23:12:21+00:00\" \/>\n<meta name=\"twitter:card\" content=\"summary_large_image\" \/>\n<meta name=\"twitter:label1\" content=\"Gesch\u00e4tzte Lesezeit\" \/>\n\t<meta name=\"twitter:data1\" content=\"11\u00a0Minuten\" \/>\n<script type=\"application\/ld+json\" class=\"yoast-schema-graph\">{\"@context\":\"https:\/\/schema.org\",\"@graph\":[{\"@type\":\"WebPage\",\"@id\":\"https:\/\/www.landpartie-wohntraeume.de\/lp-interim23\/ueber-uns\/\",\"url\":\"https:\/\/www.landpartie-wohntraeume.de\/lp-interim23\/ueber-uns\/\",\"name\":\"\u00dcber uns - Landpartie Wohntr\u00e4ume GmbH\",\"isPartOf\":{\"@id\":\"https:\/\/www.landpartie-wohntraeume.de\/lp-interim23\/#website\"},\"datePublished\":\"2015-11-30T16:07:41+00:00\",\"dateModified\":\"2021-07-02T23:12:21+00:00\",\"breadcrumb\":{\"@id\":\"https:\/\/www.landpartie-wohntraeume.de\/lp-interim23\/ueber-uns\/#breadcrumb\"},\"inLanguage\":\"de\",\"potentialAction\":[{\"@type\":\"ReadAction\",\"target\":[\"https:\/\/www.landpartie-wohntraeume.de\/lp-interim23\/ueber-uns\/\"]}]},{\"@type\":\"BreadcrumbList\",\"@id\":\"https:\/\/www.landpartie-wohntraeume.de\/lp-interim23\/ueber-uns\/#breadcrumb\",\"itemListElement\":[{\"@type\":\"ListItem\",\"position\":1,\"name\":\"Startseite\",\"item\":\"https:\/\/www.landpartie-wohntraeume.de\/lp-interim23\/\"},{\"@type\":\"ListItem\",\"position\":2,\"name\":\"\u00dcber uns\"}]},{\"@type\":\"WebSite\",\"@id\":\"https:\/\/www.landpartie-wohntraeume.de\/lp-interim23\/#website\",\"url\":\"https:\/\/www.landpartie-wohntraeume.de\/lp-interim23\/\",\"name\":\"Landpartie Wohntr\u00e4ume GmbH\",\"description\":\"Zauberhafte Wohnideen im franz\u00f6sischen und englischen Landhausstil\",\"publisher\":{\"@id\":\"https:\/\/www.landpartie-wohntraeume.de\/lp-interim23\/#organization\"},\"potentialAction\":[{\"@type\":\"SearchAction\",\"target\":{\"@type\":\"EntryPoint\",\"urlTemplate\":\"https:\/\/www.landpartie-wohntraeume.de\/lp-interim23\/?s={search_term_string}\"},\"query-input\":\"required name=search_term_string\"}],\"inLanguage\":\"de\"},{\"@type\":\"Organization\",\"@id\":\"https:\/\/www.landpartie-wohntraeume.de\/lp-interim23\/#organization\",\"name\":\"Landpartie-Wohntr\u00e4ume GmbH\",\"url\":\"https:\/\/www.landpartie-wohntraeume.de\/lp-interim23\/\",\"logo\":{\"@type\":\"ImageObject\",\"inLanguage\":\"de\",\"@id\":\"https:\/\/www.landpartie-wohntraeume.de\/lp-interim23\/#\/schema\/logo\/image\/\",\"url\":\"https:\/\/www.landpartie-wohntraeume.de\/wp-content\/uploads\/2021\/04\/Logo-Landpartie-Wohntraeume.png\",\"contentUrl\":\"https:\/\/www.landpartie-wohntraeume.de\/wp-content\/uploads\/2021\/04\/Logo-Landpartie-Wohntraeume.png\",\"width\":574,\"height\":471,\"caption\":\"Landpartie-Wohntr\u00e4ume GmbH\"},\"image\":{\"@id\":\"https:\/\/www.landpartie-wohntraeume.de\/lp-interim23\/#\/schema\/logo\/image\/\"},\"sameAs\":[\"https:\/\/www.facebook.com\/Landpartie.Wohntraeume\/\"]}]}<\/script>\n<!-- \/ Yoast SEO plugin. -->","yoast_head_json":{"title":"\u00dcber uns - Landpartie Wohntr\u00e4ume GmbH","robots":{"index":"index","follow":"follow","max-snippet":"max-snippet:-1","max-image-preview":"max-image-preview:large","max-video-preview":"max-video-preview:-1"},"canonical":"https:\/\/www.landpartie-wohntraeume.de\/lp-interim23\/ueber-uns\/","og_locale":"de_DE","og_type":"article","og_title":"\u00dcber uns - Landpartie Wohntr\u00e4ume GmbH","og_url":"https:\/\/www.landpartie-wohntraeume.de\/lp-interim23\/ueber-uns\/","og_site_name":"Landpartie Wohntr\u00e4ume GmbH","article_publisher":"https:\/\/www.facebook.com\/Landpartie.Wohntraeume\/","article_modified_time":"2021-07-02T23:12:21+00:00","twitter_card":"summary_large_image","twitter_misc":{"Gesch\u00e4tzte Lesezeit":"11\u00a0Minuten"},"schema":{"@context":"https:\/\/schema.org","@graph":[{"@type":"WebPage","@id":"https:\/\/www.landpartie-wohntraeume.de\/lp-interim23\/ueber-uns\/","url":"https:\/\/www.landpartie-wohntraeume.de\/lp-interim23\/ueber-uns\/","name":"\u00dcber uns - Landpartie Wohntr\u00e4ume GmbH","isPartOf":{"@id":"https:\/\/www.landpartie-wohntraeume.de\/lp-interim23\/#website"},"datePublished":"2015-11-30T16:07:41+00:00","dateModified":"2021-07-02T23:12:21+00:00","breadcrumb":{"@id":"https:\/\/www.landpartie-wohntraeume.de\/lp-interim23\/ueber-uns\/#breadcrumb"},"inLanguage":"de","potentialAction":[{"@type":"ReadAction","target":["https:\/\/www.landpartie-wohntraeume.de\/lp-interim23\/ueber-uns\/"]}]},{"@type":"BreadcrumbList","@id":"https:\/\/www.landpartie-wohntraeume.de\/lp-interim23\/ueber-uns\/#breadcrumb","itemListElement":[{"@type":"ListItem","position":1,"name":"Startseite","item":"https:\/\/www.landpartie-wohntraeume.de\/lp-interim23\/"},{"@type":"ListItem","position":2,"name":"\u00dcber uns"}]},{"@type":"WebSite","@id":"https:\/\/www.landpartie-wohntraeume.de\/lp-interim23\/#website","url":"https:\/\/www.landpartie-wohntraeume.de\/lp-interim23\/","name":"Landpartie Wohntr\u00e4ume GmbH","description":"Zauberhafte Wohnideen im franz\u00f6sischen und englischen Landhausstil","publisher":{"@id":"https:\/\/www.landpartie-wohntraeume.de\/lp-interim23\/#organization"},"potentialAction":[{"@type":"SearchAction","target":{"@type":"EntryPoint","urlTemplate":"https:\/\/www.landpartie-wohntraeume.de\/lp-interim23\/?s={search_term_string}"},"query-input":"required name=search_term_string"}],"inLanguage":"de"},{"@type":"Organization","@id":"https:\/\/www.landpartie-wohntraeume.de\/lp-interim23\/#organization","name":"Landpartie-Wohntr\u00e4ume GmbH","url":"https:\/\/www.landpartie-wohntraeume.de\/lp-interim23\/","logo":{"@type":"ImageObject","inLanguage":"de","@id":"https:\/\/www.landpartie-wohntraeume.de\/lp-interim23\/#\/schema\/logo\/image\/","url":"https:\/\/www.landpartie-wohntraeume.de\/wp-content\/uploads\/2021\/04\/Logo-Landpartie-Wohntraeume.png","contentUrl":"https:\/\/www.landpartie-wohntraeume.de\/wp-content\/uploads\/2021\/04\/Logo-Landpartie-Wohntraeume.png","width":574,"height":471,"caption":"Landpartie-Wohntr\u00e4ume GmbH"},"image":{"@id":"https:\/\/www.landpartie-wohntraeume.de\/lp-interim23\/#\/schema\/logo\/image\/"},"sameAs":["https:\/\/www.facebook.com\/Landpartie.Wohntraeume\/"]}]}},"_links":{"self":[{"href":"https:\/\/www.landpartie-wohntraeume.de\/lp-interim23\/wp-json\/wp\/v2\/pages\/258"}],"collection":[{"href":"https:\/\/www.landpartie-wohntraeume.de\/lp-interim23\/wp-json\/wp\/v2\/pages"}],"about":[{"href":"https:\/\/www.landpartie-wohntraeume.de\/lp-interim23\/wp-json\/wp\/v2\/types\/page"}],"author":[{"embeddable":true,"href":"https:\/\/www.landpartie-wohntraeume.de\/lp-interim23\/wp-json\/wp\/v2\/users\/1"}],"replies":[{"embeddable":true,"href":"https:\/\/www.landpartie-wohntraeume.de\/lp-interim23\/wp-json\/wp\/v2\/comments?post=258"}],"version-history":[{"count":1,"href":"https:\/\/www.landpartie-wohntraeume.de\/lp-interim23\/wp-json\/wp\/v2\/pages\/258\/revisions"}],"predecessor-version":[{"id":2050,"href":"https:\/\/www.landpartie-wohntraeume.de\/lp-interim23\/wp-json\/wp\/v2\/pages\/258\/revisions\/2050"}],"wp:attachment":[{"href":"https:\/\/www.landpartie-wohntraeume.de\/lp-interim23\/wp-json\/wp\/v2\/media?parent=258"}],"curies":[{"name":"wp","href":"https:\/\/api.w.org\/{rel}","templated":true}]}}