{"id":2441,"date":"2021-06-12T15:43:48","date_gmt":"2021-06-12T13:43:48","guid":{"rendered":"https:\/\/www.landpartie-wohntraeume.de\/?post_type=product&#038;p=2441"},"modified":"2021-07-02T23:48:31","modified_gmt":"2021-07-02T21:48:31","slug":"standregal-antikweiss","status":"publish","type":"product","link":"https:\/\/www.landpartie-wohntraeume.de\/lp-interim23\/produkt\/standregal-antikweiss\/","title":{"rendered":"Standregal antikwei\u00df"},"content":{"rendered":"<p>Aus Ladenbau:<br \/>\nStandregal antikwei\u00df<br \/>\nmit Sch\u00fcben + Platte im Altholz-Charakter<\/p>\n<p>B100, H203, T45<\/p>\n","protected":false},"excerpt":{"rendered":"<p>Aus Ladenbau:<br \/>\nStandregal antikwei\u00df<\/p>\n<p>B100, H203, T45<\/p>\n","protected":false},"featured_media":2442,"template":"","meta":[],"product_cat":[81,54,77],"product_tag":[],"yoast_head":"<!-- This site is optimized with the Yoast SEO plugin v20.0 - https:\/\/yoast.com\/wordpress\/plugins\/seo\/ -->\n<title>Standregal antikwei\u00df - Landpartie Wohntr\u00e4ume GmbH<\/title>\n<meta name=\"robots\" content=\"index, follow, max-snippet:-1, max-image-preview:large, max-video-preview:-1\" \/>\n<link rel=\"canonical\" href=\"https:\/\/www.landpartie-wohntraeume.de\/lp-interim23\/produkt\/standregal-antikweiss\/\" \/>\n<meta property=\"og:locale\" content=\"de_DE\" \/>\n<meta property=\"og:type\" content=\"article\" \/>\n<meta property=\"og:title\" content=\"Standregal antikwei\u00df - Landpartie Wohntr\u00e4ume GmbH\" \/>\n<meta property=\"og:description\" content=\"Aus Ladenbau: Standregal antikwei\u00df  B100, H203, T45\" \/>\n<meta property=\"og:url\" content=\"https:\/\/www.landpartie-wohntraeume.de\/lp-interim23\/produkt\/standregal-antikweiss\/\" \/>\n<meta property=\"og:site_name\" content=\"Landpartie Wohntr\u00e4ume GmbH\" \/>\n<meta property=\"article:publisher\" content=\"https:\/\/www.facebook.com\/Landpartie.Wohntraeume\/\" \/>\n<meta property=\"article:modified_time\" content=\"2021-07-02T21:48:31+00:00\" \/>\n<meta property=\"og:image\" content=\"https:\/\/www.landpartie-wohntraeume.de\/lp-interim23\/wp-content\/uploads\/2021\/06\/DSC_3207_landpartie-wohntraeume-moebel.jpg\" \/>\n\t<meta property=\"og:image:width\" content=\"500\" \/>\n\t<meta property=\"og:image:height\" content=\"281\" \/>\n\t<meta property=\"og:image:type\" content=\"image\/jpeg\" \/>\n<meta name=\"twitter:card\" content=\"summary_large_image\" \/>\n<script type=\"application\/ld+json\" class=\"yoast-schema-graph\">{\"@context\":\"https:\/\/schema.org\",\"@graph\":[{\"@type\":\"WebPage\",\"@id\":\"https:\/\/www.landpartie-wohntraeume.de\/lp-interim23\/produkt\/standregal-antikweiss\/\",\"url\":\"https:\/\/www.landpartie-wohntraeume.de\/lp-interim23\/produkt\/standregal-antikweiss\/\",\"name\":\"Standregal antikwei\u00df - Landpartie Wohntr\u00e4ume GmbH\",\"isPartOf\":{\"@id\":\"https:\/\/www.landpartie-wohntraeume.de\/lp-interim23\/#website\"},\"datePublished\":\"2021-06-12T13:43:48+00:00\",\"dateModified\":\"2021-07-02T21:48:31+00:00\",\"breadcrumb\":{\"@id\":\"https:\/\/www.landpartie-wohntraeume.de\/lp-interim23\/produkt\/standregal-antikweiss\/#breadcrumb\"},\"inLanguage\":\"de\",\"potentialAction\":[{\"@type\":\"ReadAction\",\"target\":[\"https:\/\/www.landpartie-wohntraeume.de\/lp-interim23\/produkt\/standregal-antikweiss\/\"]}]},{\"@type\":\"BreadcrumbList\",\"@id\":\"https:\/\/www.landpartie-wohntraeume.de\/lp-interim23\/produkt\/standregal-antikweiss\/#breadcrumb\",\"itemListElement\":[{\"@type\":\"ListItem\",\"position\":1,\"name\":\"Startseite\",\"item\":\"https:\/\/www.landpartie-wohntraeume.de\/lp-interim23\/\"},{\"@type\":\"ListItem\",\"position\":2,\"name\":\"Shop\",\"item\":\"https:\/\/www.landpartie-wohntraeume.de\/lp-interim23\/shop\/\"},{\"@type\":\"ListItem\",\"position\":3,\"name\":\"Standregal antikwei\u00df\"}]},{\"@type\":\"WebSite\",\"@id\":\"https:\/\/www.landpartie-wohntraeume.de\/lp-interim23\/#website\",\"url\":\"https:\/\/www.landpartie-wohntraeume.de\/lp-interim23\/\",\"name\":\"Landpartie Wohntr\u00e4ume GmbH\",\"description\":\"Zauberhafte Wohnideen im franz\u00f6sischen und englischen Landhausstil\",\"publisher\":{\"@id\":\"https:\/\/www.landpartie-wohntraeume.de\/lp-interim23\/#organization\"},\"potentialAction\":[{\"@type\":\"SearchAction\",\"target\":{\"@type\":\"EntryPoint\",\"urlTemplate\":\"https:\/\/www.landpartie-wohntraeume.de\/lp-interim23\/?s={search_term_string}\"},\"query-input\":\"required name=search_term_string\"}],\"inLanguage\":\"de\"},{\"@type\":\"Organization\",\"@id\":\"https:\/\/www.landpartie-wohntraeume.de\/lp-interim23\/#organization\",\"name\":\"Landpartie-Wohntr\u00e4ume GmbH\",\"url\":\"https:\/\/www.landpartie-wohntraeume.de\/lp-interim23\/\",\"logo\":{\"@type\":\"ImageObject\",\"inLanguage\":\"de\",\"@id\":\"https:\/\/www.landpartie-wohntraeume.de\/lp-interim23\/#\/schema\/logo\/image\/\",\"url\":\"https:\/\/www.landpartie-wohntraeume.de\/wp-content\/uploads\/2021\/04\/Logo-Landpartie-Wohntraeume.png\",\"contentUrl\":\"https:\/\/www.landpartie-wohntraeume.de\/wp-content\/uploads\/2021\/04\/Logo-Landpartie-Wohntraeume.png\",\"width\":574,\"height\":471,\"caption\":\"Landpartie-Wohntr\u00e4ume GmbH\"},\"image\":{\"@id\":\"https:\/\/www.landpartie-wohntraeume.de\/lp-interim23\/#\/schema\/logo\/image\/\"},\"sameAs\":[\"https:\/\/www.facebook.com\/Landpartie.Wohntraeume\/\"]}]}<\/script>\n<!-- \/ Yoast SEO plugin. -->","yoast_head_json":{"title":"Standregal antikwei\u00df - Landpartie Wohntr\u00e4ume GmbH","robots":{"index":"index","follow":"follow","max-snippet":"max-snippet:-1","max-image-preview":"max-image-preview:large","max-video-preview":"max-video-preview:-1"},"canonical":"https:\/\/www.landpartie-wohntraeume.de\/lp-interim23\/produkt\/standregal-antikweiss\/","og_locale":"de_DE","og_type":"article","og_title":"Standregal antikwei\u00df - Landpartie Wohntr\u00e4ume GmbH","og_description":"Aus Ladenbau: Standregal antikwei\u00df  B100, H203, T45","og_url":"https:\/\/www.landpartie-wohntraeume.de\/lp-interim23\/produkt\/standregal-antikweiss\/","og_site_name":"Landpartie Wohntr\u00e4ume GmbH","article_publisher":"https:\/\/www.facebook.com\/Landpartie.Wohntraeume\/","article_modified_time":"2021-07-02T21:48:31+00:00","og_image":[{"width":500,"height":281,"url":"https:\/\/www.landpartie-wohntraeume.de\/lp-interim23\/wp-content\/uploads\/2021\/06\/DSC_3207_landpartie-wohntraeume-moebel.jpg","type":"image\/jpeg"}],"twitter_card":"summary_large_image","schema":{"@context":"https:\/\/schema.org","@graph":[{"@type":"WebPage","@id":"https:\/\/www.landpartie-wohntraeume.de\/lp-interim23\/produkt\/standregal-antikweiss\/","url":"https:\/\/www.landpartie-wohntraeume.de\/lp-interim23\/produkt\/standregal-antikweiss\/","name":"Standregal antikwei\u00df - Landpartie Wohntr\u00e4ume GmbH","isPartOf":{"@id":"https:\/\/www.landpartie-wohntraeume.de\/lp-interim23\/#website"},"datePublished":"2021-06-12T13:43:48+00:00","dateModified":"2021-07-02T21:48:31+00:00","breadcrumb":{"@id":"https:\/\/www.landpartie-wohntraeume.de\/lp-interim23\/produkt\/standregal-antikweiss\/#breadcrumb"},"inLanguage":"de","potentialAction":[{"@type":"ReadAction","target":["https:\/\/www.landpartie-wohntraeume.de\/lp-interim23\/produkt\/standregal-antikweiss\/"]}]},{"@type":"BreadcrumbList","@id":"https:\/\/www.landpartie-wohntraeume.de\/lp-interim23\/produkt\/standregal-antikweiss\/#breadcrumb","itemListElement":[{"@type":"ListItem","position":1,"name":"Startseite","item":"https:\/\/www.landpartie-wohntraeume.de\/lp-interim23\/"},{"@type":"ListItem","position":2,"name":"Shop","item":"https:\/\/www.landpartie-wohntraeume.de\/lp-interim23\/shop\/"},{"@type":"ListItem","position":3,"name":"Standregal antikwei\u00df"}]},{"@type":"WebSite","@id":"https:\/\/www.landpartie-wohntraeume.de\/lp-interim23\/#website","url":"https:\/\/www.landpartie-wohntraeume.de\/lp-interim23\/","name":"Landpartie Wohntr\u00e4ume GmbH","description":"Zauberhafte Wohnideen im franz\u00f6sischen und englischen Landhausstil","publisher":{"@id":"https:\/\/www.landpartie-wohntraeume.de\/lp-interim23\/#organization"},"potentialAction":[{"@type":"SearchAction","target":{"@type":"EntryPoint","urlTemplate":"https:\/\/www.landpartie-wohntraeume.de\/lp-interim23\/?s={search_term_string}"},"query-input":"required name=search_term_string"}],"inLanguage":"de"},{"@type":"Organization","@id":"https:\/\/www.landpartie-wohntraeume.de\/lp-interim23\/#organization","name":"Landpartie-Wohntr\u00e4ume GmbH","url":"https:\/\/www.landpartie-wohntraeume.de\/lp-interim23\/","logo":{"@type":"ImageObject","inLanguage":"de","@id":"https:\/\/www.landpartie-wohntraeume.de\/lp-interim23\/#\/schema\/logo\/image\/","url":"https:\/\/www.landpartie-wohntraeume.de\/wp-content\/uploads\/2021\/04\/Logo-Landpartie-Wohntraeume.png","contentUrl":"https:\/\/www.landpartie-wohntraeume.de\/wp-content\/uploads\/2021\/04\/Logo-Landpartie-Wohntraeume.png","width":574,"height":471,"caption":"Landpartie-Wohntr\u00e4ume GmbH"},"image":{"@id":"https:\/\/www.landpartie-wohntraeume.de\/lp-interim23\/#\/schema\/logo\/image\/"},"sameAs":["https:\/\/www.facebook.com\/Landpartie.Wohntraeume\/"]}]}},"_links":{"self":[{"href":"https:\/\/www.landpartie-wohntraeume.de\/lp-interim23\/wp-json\/wp\/v2\/product\/2441"}],"collection":[{"href":"https:\/\/www.landpartie-wohntraeume.de\/lp-interim23\/wp-json\/wp\/v2\/product"}],"about":[{"href":"https:\/\/www.landpartie-wohntraeume.de\/lp-interim23\/wp-json\/wp\/v2\/types\/product"}],"wp:featuredmedia":[{"embeddable":true,"href":"https:\/\/www.landpartie-wohntraeume.de\/lp-interim23\/wp-json\/wp\/v2\/media\/2442"}],"wp:attachment":[{"href":"https:\/\/www.landpartie-wohntraeume.de\/lp-interim23\/wp-json\/wp\/v2\/media?parent=2441"}],"wp:term":[{"taxonomy":"product_cat","embeddable":true,"href":"https:\/\/www.landpartie-wohntraeume.de\/lp-interim23\/wp-json\/wp\/v2\/product_cat?post=2441"},{"taxonomy":"product_tag","embeddable":true,"href":"https:\/\/www.landpartie-wohntraeume.de\/lp-interim23\/wp-json\/wp\/v2\/product_tag?post=2441"}],"curies":[{"name":"wp","href":"https:\/\/api.w.org\/{rel}","templated":true}]}}